{"id":6772,"date":"2015-05-27T11:23:02","date_gmt":"2015-05-27T11:23:02","guid":{"rendered":"http:\/\/metsovomuseum.gr\/?page_id=6772"},"modified":"2016-08-31T12:56:30","modified_gmt":"2016-08-31T12:56:30","slug":"credits","status":"publish","type":"page","link":"https:\/\/metsovomuseum.gr\/en\/credits\/","title":{"rendered":"Credits"},"content":{"rendered":"[vc_row][vc_column width=&#8221;1\/4&#8243;][\/vc_column][vc_column width=&#8221;1\/2&#8243;][vc_column_text]The web platform was created in the context of the project &#8220;Digitization and Enhancement of the Baron Michael Tossizza Foundation\u2019s Cultural Resources\u201d, aiming to promote the cultural identity and history of Metsovo and the mountainous communities of Epirus.\u00a0The project was funded by the NSRF and the Operational Program &#8220;Digital Convergence&#8221;.[\/vc_column_text][\/vc_column][vc_column width=&#8221;1\/4&#8243;][\/vc_column][\/vc_row][vc_row][vc_column width=&#8221;1\/4&#8243;][\/vc_column][vc_column width=&#8221;1\/2&#8243;]<div class=\"img-with-aniamtion-wrap center\"><img decoding=\"async\" class=\"img-with-animation \" data-delay=\"0\" data-animation=\"fade-in\" src=\"https:\/\/metsovomuseum.gr\/wp-content\/uploads\/2015\/05\/ivmt.jpg\" alt=\"\" \/><\/div><div class=\"ult-spacer spacer-69d993c548d76\" data-id=\"69d993c548d76\" data-height=\"20\" data-height-mobile=\"20\" data-height-tab=\"20\" data-height-tab-portrait=\"\" data-height-mobile-landscape=\"\" style=\"clear:both;display:block;\"><\/div><div class=\"img-with-aniamtion-wrap center\"><img decoding=\"async\" class=\"img-with-animation \" data-delay=\"0\" data-animation=\"fade-in\" src=\"https:\/\/metsovomuseum.gr\/wp-content\/uploads\/2015\/05\/espa.jpg\" alt=\"\" \/><\/div>[vc_column_text]\n<p align=\"JUSTIFY\"><span style=\"font-family: Arial, sans-serif;\"><span style=\"font-size: small;\"><br \/>\n<\/span><\/span><\/p>\n[\/vc_column_text][\/vc_column][vc_column width=&#8221;1\/4&#8243;][\/vc_column][\/vc_row][vc_row][vc_column width=&#8221;1\/4&#8243;][\/vc_column][vc_column width=&#8221;1\/4&#8243;]\n[vc_column_text]\n<h5>Historical Advisor &#8211; Texts<\/h5>\n[\/vc_column_text]\n[\/vc_column][vc_column width=&#8221;1\/4&#8243;][vc_column_text]Prof. Dr. CHRISTINA KOULOURI<\/p>\n<p>Panteion University of Social and Political Sciences, Athens[\/vc_column_text][\/vc_column][vc_column width=&#8221;1\/4&#8243;][\/vc_column][\/vc_row][vc_row][vc_column width=&#8221;1\/4&#8243;][\/vc_column][vc_column width=&#8221;1\/4&#8243;]\n[vc_column_text]\n<h5>Photographer<\/h5>\n[\/vc_column_text]\n[\/vc_column][vc_column width=&#8221;1\/4&#8243;][vc_column_text]MYRTO PAPADOPOULOS[\/vc_column_text][\/vc_column][vc_column width=&#8221;1\/4&#8243;][\/vc_column][\/vc_row][vc_row][vc_column width=&#8221;1\/4&#8243;][\/vc_column][vc_column width=&#8221;1\/4&#8243;]\n[vc_column_text]\n<h5>Design By<\/h5>\n[\/vc_column_text]\n[\/vc_column][vc_column width=&#8221;1\/4&#8243;][vc_column_text]\n<p align=\"JUSTIFY\"><span style=\"font-family: Arial, sans-serif;\"><span style=\"font-size: small;\"><span lang=\"en-US\">dolphins\u00a0<\/span><\/span><\/span><span style=\"font-family: Arial, sans-serif;\"><span style=\"font-size: small;\">\/\/\u00a0<\/span><\/span><span style=\"font-family: Arial, sans-serif;\"><span style=\"font-size: small;\"><span lang=\"en-US\">communication design<\/span><\/span><\/span><\/p>\n[\/vc_column_text][\/vc_column][vc_column width=&#8221;1\/4&#8243;][\/vc_column][\/vc_row][vc_row][vc_column width=&#8221;1\/4&#8243;][\/vc_column][vc_column width=&#8221;1\/4&#8243;]\n[vc_column_text]\n<h5>Website programming<\/h5>\n[\/vc_column_text]\n[\/vc_column][vc_column width=&#8221;1\/4&#8243;][vc_column_text]\n<p align=\"JUSTIFY\"><span style=\"font-family: Arial, sans-serif;\"><span style=\"font-size: small;\"><span lang=\"en-US\">e-labs.gr<\/span><\/span><\/span><\/p>\n[\/vc_column_text][\/vc_column][vc_column width=&#8221;1\/4&#8243;][\/vc_column][\/vc_row][vc_row][vc_column width=&#8221;1\/4&#8243;][\/vc_column][vc_column width=&#8221;1\/4&#8243;]\n[vc_column_text]\n<h5>Translations<\/h5>\n[\/vc_column_text]\n[\/vc_column][vc_column width=&#8221;1\/4&#8243;][vc_column_text]\n<p align=\"JUSTIFY\"><span style=\"font-family: Arial, sans-serif;\"><span style=\"font-size: small;\"><span lang=\"en-US\">yourtranslator<\/span><\/span><\/span><span style=\"font-family: Arial, sans-serif;\"><span style=\"font-size: small;\">.<\/span><\/span><span style=\"font-family: Arial, sans-serif;\"><span style=\"font-size: small;\"><span lang=\"en-US\">gr<\/span><\/span><\/span><\/p>\n[\/vc_column_text][\/vc_column][vc_column width=&#8221;1\/4&#8243;][\/vc_column][\/vc_row][vc_row][vc_column width=&#8221;1\/4&#8243;][\/vc_column][vc_column width=&#8221;1\/4&#8243;]\n[vc_column_text]\n<h5>Special Advisor &#038; Researcher<\/h5>\n[\/vc_column_text]\n[\/vc_column][vc_column width=&#8221;1\/4&#8243;][vc_column_text]NIKOS SIGALAS[\/vc_column_text][\/vc_column][vc_column width=&#8221;1\/4&#8243;][\/vc_column][\/vc_row][vc_row][vc_column width=&#8221;1\/4&#8243;][\/vc_column][vc_column width=&#8221;1\/4&#8243;]\n[vc_column_text]\n<h5>Production Co-ordination<\/h5>\n[\/vc_column_text][\/vc_column][vc_column width=&#8221;1\/4&#8243;][vc_column_text]ELEKTRA PEPPA, LEONIDAS LIAMBEYS[\/vc_column_text][\/vc_column][vc_column width=&#8221;1\/4&#8243;][\/vc_column][\/vc_row][vc_row][vc_column width=&#8221;1\/4&#8243;][\/vc_column][vc_column width=&#8221;1\/4&#8243;]\n[vc_column_text]\n<h5>Project Manager<\/h5>\n[\/vc_column_text]\n[\/vc_column][vc_column width=&#8221;1\/4&#8243;][vc_column_text]\n<p align=\"JUSTIFY\">VASIA PIERROU<\/p>\n[\/vc_column_text][\/vc_column][vc_column width=&#8221;1\/4&#8243;][\/vc_column][\/vc_row][vc_row][vc_column width=&#8221;1\/4&#8243;][\/vc_column][vc_column width=&#8221;1\/4&#8243;]\n[vc_column_text]\n<h5>Implementation of the Project<\/h5>\n[\/vc_column_text][\/vc_column][vc_column width=&#8221;1\/4&#8243;][vc_column_text]\n<p lang=\"en-US\" align=\"JUSTIFY\"><span style=\"font-family: Arial, sans-serif;\"><span style=\"font-size: small;\">PostScriptum<\/span><\/span><\/p>\n[\/vc_column_text][\/vc_column][vc_column width=&#8221;1\/4&#8243;][\/vc_column][\/vc_row][vc_row][vc_column width=&#8221;1\/4&#8243;][\/vc_column][vc_column width=&#8221;1\/4&#8243;]\n[vc_column_text]\n<h5>Creative Advisors<\/h5>\n[\/vc_column_text]\n[\/vc_column][vc_column width=&#8221;1\/4&#8243;][vc_column_text]REA APOSTOLIDES &amp; YURI AVEROF \/ Anemon Productions[\/vc_column_text][\/vc_column][vc_column width=&#8221;1\/4&#8243;][\/vc_column][\/vc_row][vc_row][vc_column width=&#8221;1\/4&#8243;][\/vc_column][vc_column width=&#8221;1\/4&#8243;][\/vc_column][vc_column width=&#8221;1\/4&#8243;][\/vc_column][vc_column width=&#8221;1\/4&#8243;][\/vc_column][\/vc_row][vc_row][vc_column width=&#8221;1\/4&#8243;][\/vc_column][vc_column width=&#8221;1\/2&#8243;]\n[vc_column_text]\n<h5>PHOTOGRAPHIC REENACTMENTS<\/h5>\n[\/vc_column_text]\n[\/vc_column][vc_column width=&#8221;1\/4&#8243;][\/vc_column][\/vc_row][vc_row][vc_column width=&#8221;1\/4&#8243;][\/vc_column][vc_column width=&#8221;1\/2&#8243;][vc_column_text]The photographic reenactments were realised in December 2014 in Metsovo, at the Monastery of Aghios Nikolaos, the garden of Aghios Georgios and the Metsovo Folk Art Museum. All the protagonists are inhabitants of Metsovo.[\/vc_column_text][\/vc_column][vc_column width=&#8221;1\/4&#8243;][\/vc_column][\/vc_row][vc_row][vc_column width=&#8221;1\/4&#8243;][\/vc_column][vc_column width=&#8221;1\/4&#8243;]\n[vc_column_text]\n<h5>Photography Production Manager<\/h5>\n[\/vc_column_text]\n[\/vc_column][vc_column width=&#8221;1\/4&#8243;][vc_column_text]EVDOKIA KALAMITSI[\/vc_column_text][\/vc_column][vc_column width=&#8221;1\/4&#8243;][\/vc_column][\/vc_row][vc_row][vc_column width=&#8221;1\/4&#8243;][\/vc_column][vc_column width=&#8221;1\/4&#8243;][vc_column_text]\n<h5>Production &#038; Costume Design<\/h5>\n[\/vc_column_text]\n[\/vc_column][vc_column width=&#8221;1\/4&#8243;][vc_column_text]YULA ZOIOPOULOU[\/vc_column_text][\/vc_column][vc_column width=&#8221;1\/4&#8243;][\/vc_column][\/vc_row][vc_row][vc_column width=&#8221;1\/4&#8243;][\/vc_column][vc_column width=&#8221;1\/4&#8243;][vc_column_text]\n<h5>Photographer Assistant<\/h5>\n[\/vc_column_text]\n[\/vc_column][vc_column width=&#8221;1\/4&#8243;][vc_column_text]CHRYSSA TSOVILI[\/vc_column_text][\/vc_column][vc_column width=&#8221;1\/4&#8243;][\/vc_column][\/vc_row][vc_row][vc_column width=&#8221;1\/4&#8243;][\/vc_column][vc_column width=&#8221;1\/4&#8243;][vc_column_text]\n<h5>Costume Design Assistant<\/h5>\n[\/vc_column_text]\n[\/vc_column][vc_column width=&#8221;1\/4&#8243;][vc_column_text]ELENI DAGAKI[\/vc_column_text][\/vc_column][vc_column width=&#8221;1\/4&#8243;][\/vc_column][\/vc_row][vc_row][vc_column width=&#8221;1\/4&#8243;][\/vc_column][vc_column width=&#8221;1\/4&#8243;][vc_column_text]\n<h5>Hairstyling<\/h5>\n[\/vc_column_text]\n[\/vc_column][vc_column width=&#8221;1\/4&#8243;][vc_column_text]FEI NAKOU[\/vc_column_text][\/vc_column][vc_column width=&#8221;1\/4&#8243;][\/vc_column][\/vc_row][vc_row][vc_column width=&#8221;1\/4&#8243;][\/vc_column][vc_column width=&#8221;1\/4&#8243;]\n[vc_column_text]\n<h5>Make Up Artist<\/h5>\n[\/vc_column_text]\n[\/vc_column][vc_column width=&#8221;1\/4&#8243;][vc_column_text]GEORGIA APALODIMA[\/vc_column_text][\/vc_column][vc_column width=&#8221;1\/4&#8243;][\/vc_column][\/vc_row][vc_row][vc_column width=&#8221;1\/4&#8243;][\/vc_column][vc_column width=&#8221;1\/4&#8243;]\n[vc_column_text]\n<h5>Printing for Photography Exhibition<\/h5>\n[\/vc_column_text]\n[\/vc_column][vc_column width=&#8221;1\/4&#8243;][vc_column_text]Colour Consulting Group[\/vc_column_text][\/vc_column][vc_column width=&#8221;1\/4&#8243;][\/vc_column][\/vc_row][vc_row][vc_column width=&#8221;1\/4&#8243;][\/vc_column][vc_column width=&#8221;1\/2&#8243;]\n[vc_column_text]\n<h5>DIGITISATION \/ DOCUMENTATION OF THE MUSEUM\u2019S COLLECTION<\/h5>\n[\/vc_column_text]\n[\/vc_column][vc_column width=&#8221;1\/4&#8243;][\/vc_column][\/vc_row][vc_row][vc_column width=&#8221;1\/4&#8243;][\/vc_column][vc_column width=&#8221;1\/4&#8243;]\n[vc_column_text]\n<h5>Digitization<\/h5>\n[\/vc_column_text]\n[\/vc_column][vc_column width=&#8221;1\/4&#8243;][vc_column_text]THANOS KARTSOGLOU[\/vc_column_text][\/vc_column][vc_column width=&#8221;1\/4&#8243;][\/vc_column][\/vc_row][vc_row][vc_column width=&#8221;1\/4&#8243;][\/vc_column][vc_column width=&#8221;1\/4&#8243;][vc_column_text]\n<h5>Documentation<\/h5>\n[\/vc_column_text]\n[\/vc_column][vc_column width=&#8221;1\/4&#8243;][vc_column_text]DIMITRA PAPAKONSTANTINOU[\/vc_column_text][\/vc_column][vc_column width=&#8221;1\/4&#8243;][\/vc_column][\/vc_row][vc_row][vc_column width=&#8221;1\/4&#8243;][\/vc_column][vc_column width=&#8221;1\/4&#8243;][vc_column_text]\n<h5>Wikipedia Seminars<\/h5>\n[\/vc_column_text]\n[\/vc_column][vc_column width=&#8221;1\/4&#8243;][vc_column_text]CHARALAMBOS EGGLEZOS[\/vc_column_text][\/vc_column][vc_column width=&#8221;1\/4&#8243;][\/vc_column][\/vc_row][vc_row][vc_column width=&#8221;1\/4&#8243;][\/vc_column][vc_column width=&#8221;1\/4&#8243;]\n[vc_column_text]\n<h5>Historical Advisor &#038; Author (Wikipedia articles)<\/h5>\n[\/vc_column_text]\n[\/vc_column][vc_column width=&#8221;1\/4&#8243;][vc_column_text]THEOFANIS DASOULAS[\/vc_column_text][\/vc_column][vc_column width=&#8221;1\/4&#8243;][\/vc_column][\/vc_row][vc_row][vc_column width=&#8221;1\/4&#8243;][\/vc_column][vc_column width=&#8221;1\/4&#8243;][vc_column_text]\n<h5>Translations<\/h5>\n[\/vc_column_text]\n[\/vc_column][vc_column width=&#8221;1\/4&#8243;][vc_column_text]SOTIRIS LAPPAS[\/vc_column_text][\/vc_column][vc_column width=&#8221;1\/4&#8243;][\/vc_column][\/vc_row][vc_row][vc_column width=&#8221;1\/4&#8243;][\/vc_column][vc_column width=&#8221;1\/2&#8243;][vc_column_text]\n<h5>ARCHIVE<\/h5>\n[\/vc_column_text]\n[\/vc_column][vc_column width=&#8221;1\/4&#8243;][\/vc_column][\/vc_row][vc_row][vc_column width=&#8221;1\/4&#8243;][\/vc_column][vc_column width=&#8221;1\/2&#8243;]\n[vc_column_text]\n<h5>PHOTOGRAPHS &#038; DOCUMENTS<\/h5>\n[\/vc_column_text]\n[\/vc_column][vc_column width=&#8221;1\/4&#8243;][\/vc_column][\/vc_row][vc_row][vc_column width=&#8221;1\/4&#8243;][\/vc_column][vc_column width=&#8221;1\/2&#8243;][vc_column_text]Margaret Masson Hasluck Photographs \/ Reproduced by permission of UCL School of Slavonic and East European Studies Library and the family of Margaret Hasluck[\/vc_column_text]<div style=\"height: 10px;\" class=\"divider\"><\/div>[vc_column_text]Museum of Photography, Thessaloniki \/ Fred Boissonnas archive[\/vc_column_text]<div style=\"height: 10px;\" class=\"divider\"><\/div>[vc_column_text]Asteri Koukoudi Archive, Museum of the Macedonian Struggle Archive[\/vc_column_text]<div style=\"height: 10px;\" class=\"divider\"><\/div>[vc_column_text]Hellenic Literary &amp; Historical Archive \/ Photographic Archive, Photojournalist\u2019s Union Agency[\/vc_column_text]<div style=\"height: 10px;\" class=\"divider\"><\/div>[vc_column_text]Ottoman Archives, Istanbul \/ Ba\u015fbakanl\u0131 Osmanl\u0131 Ar\u015fivi[\/vc_column_text]<div style=\"height: 10px;\" class=\"divider\"><\/div>[vc_column_text]G. Plataris-Tzimas Archive[\/vc_column_text]<div style=\"height: 10px;\" class=\"divider\"><\/div>[vc_column_text]Library of Congress, USA[\/vc_column_text]<div style=\"height: 10px;\" class=\"divider\"><\/div>[vc_column_text]The Benaki Museum[\/vc_column_text]<div style=\"height: 10px;\" class=\"divider\"><\/div>[vc_column_text]Municipal Historical Archives of Metsovo[\/vc_column_text]<div style=\"height: 10px;\" class=\"divider\"><\/div>[vc_column_text]Tsanaka Folklore Museum, Metsovo[\/vc_column_text]<div style=\"height: 10px;\" class=\"divider\"><\/div>[vc_column_text]Bouboulina Museum, Ydra[\/vc_column_text]<div style=\"height: 10px;\" class=\"divider\"><\/div>[vc_column_text]Evangelos Averoff-Tossizza family Archive[\/vc_column_text]<div style=\"height: 10px;\" class=\"divider\"><\/div>[vc_column_text]E. Averoff Gallery, Metsovo[\/vc_column_text]<div style=\"height: 10px;\" class=\"divider\"><\/div>[vc_column_text]Olkos publishers \/ <em>Exploring Greece, <\/em>Photographs 1898-1913 \/ The Hubert Pernot Collection<\/p>\n<p><em>The Turkish Statistics for Epirus in the 1895 Salname <\/em>\/ Mihalis Kokolakis[\/vc_column_text]<div style=\"height: 10px;\" class=\"divider\"><\/div>[vc_column_text]Kapon Publishers &#8211; Egnatia Epirus Foundation &#8211; Greek Council for Artistic Crafts and Applied Arts \/ <em>With Loom and Weft \/<\/em> Catherine Van Steen &amp; Helen Lykiardopoulou[\/vc_column_text][\/vc_column][vc_column width=&#8221;1\/4&#8243;][\/vc_column][\/vc_row][vc_row][vc_column width=&#8221;1\/4&#8243;][\/vc_column][vc_column width=&#8221;1\/2&#8243;]\n[vc_column_text]\n<h5>FILMS<\/h5>\n[\/vc_column_text]\n[\/vc_column][vc_column width=&#8221;1\/4&#8243;][\/vc_column][\/vc_row][vc_row][vc_column width=&#8221;1\/4&#8243;][\/vc_column][vc_column width=&#8221;1\/2&#8243;]<div style=\"height: 10px;\" class=\"divider\"><\/div>[vc_column_text]ECPAD \/ France[\/vc_column_text]<div style=\"height: 10px;\" class=\"divider\"><\/div>[vc_column_text]\u039canaki Bros Film Cinematheque of F.Y.R.O. Macedonia[\/vc_column_text]<div style=\"height: 10px;\" class=\"divider\"><\/div>[vc_column_text]Anemon Productions Archive[\/vc_column_text]<div style=\"height: 10px;\" class=\"divider\"><\/div>[vc_column_text][\/vc_column_text][\/vc_column][vc_column width=&#8221;1\/4&#8243;][\/vc_column][\/vc_row][vc_row][vc_column width=&#8221;1\/4&#8243;][\/vc_column][vc_column width=&#8221;1\/4&#8243;]\n[vc_column_text]\n<h5>Special Thanks<\/h5>\n[\/vc_column_text]\n[\/vc_column][vc_column width=&#8221;1\/4&#8243;][vc_column_text]IOANNIS AND ELENA AVEROF<\/p>\n<p>AKIS BLETSOS<\/p>\n<p>TOLIS KIOURAS<\/p>\n<p>MARIA MAGEIRIA<\/p>\n<p>GIORGOS METSIOS<\/p>\n<p>IVANA PETKANOVSKA<\/p>\n<p>KONSTANTINOS AND KALLIOPI STAHOULI<\/p>\n<p>ELENI STRIPELI<\/p>\n<p>APOSTOLIS AND ATHINA TALARIS<\/p>\n<p>NIKOLAOS TOLIS<\/p>\n<p>KOSTAS TRITOS[\/vc_column_text][\/vc_column][vc_column width=&#8221;1\/4&#8243;][\/vc_column][\/vc_row][vc_row][vc_column width=&#8221;1\/4&#8243;][\/vc_column][vc_column width=&#8221;1\/4&#8243;]<div id=\"ultimate-heading69d993c5490f8\" class=\"uvc-heading uvc-9549 \" data-hspacer=\"no_spacer\"  data-halign=\"center\" style=\"text-align:center\"><div class=\"uvc-heading-spacer no_spacer\" style=\"\"><\/div><div class=\"uvc-main-heading ult-responsive\"  data-ultimate-target='#ultimate-heading69d993c5490f8 h2'  data-responsive-json-new='{\"font-size\":\"\",\"line-height\":\"\"}' ><h2 style=\"font-weight:normal;\">A warm thank you to the inhabitants of Metsovo who appear in the photographic reenactments<\/h2><\/div><\/div>[\/vc_column][vc_column width=&#8221;1\/4&#8243;][vc_column_text]EVDOKIA BISSA<\/p>\n<p>THODORIS BISSAS<\/p>\n<p>GIORGOS METSIOS<\/p>\n<p>NEKTARIOS STAHOULIS<\/p>\n<p>DIMITRIS STAHOULIS<\/p>\n<p>KOSTAS TSIMPAS<\/p>\n<p>VAGGELIS TETSIOS<\/p>\n<p>CHRYSA VELIVASSIS<\/p>\n<p>KONSTANTINOS ZOUVGIAS<\/p>\n<p>SAKIS NAKOS<\/p>\n<p>VASILIS FAFALIS<\/p>\n<p>PARASKEVI PERISTERI[\/vc_column_text][\/vc_column][vc_column width=&#8221;1\/4&#8243;][\/vc_column][\/vc_row][vc_row][vc_column width=&#8221;1\/4&#8243;][\/vc_column][vc_column width=&#8221;1\/4&#8243;][\/vc_column][vc_column width=&#8221;1\/4&#8243;]<div style=\"height: 10px;\" class=\"divider\"><\/div>[\/vc_column][vc_column width=&#8221;1\/4&#8243;][\/vc_column][\/vc_row]\n","protected":false},"excerpt":{"rendered":"<p>[vc_row][vc_column width=&#8221;1\/4&#8243;][\/vc_column][vc_column width=&#8221;1\/2&#8243;][vc_column_text]The web platform was created in the context of the project &#8220;Digitization and Enhancement of the Baron Michael Tossizza Foundation\u2019s Cultural Resources\u201d, aiming to promote the cultural identity&#8230;<\/p>\n","protected":false},"author":1,"featured_media":0,"parent":0,"menu_order":0,"comment_status":"open","ping_status":"closed","template":"","meta":{"_acf_changed":false,"footnotes":""},"acf":[],"_links":{"self":[{"href":"https:\/\/metsovomuseum.gr\/en\/wp-json\/wp\/v2\/pages\/6772"}],"collection":[{"href":"https:\/\/metsovomuseum.gr\/en\/wp-json\/wp\/v2\/pages"}],"about":[{"href":"https:\/\/metsovomuseum.gr\/en\/wp-json\/wp\/v2\/types\/page"}],"author":[{"embeddable":true,"href":"https:\/\/metsovomuseum.gr\/en\/wp-json\/wp\/v2\/users\/1"}],"replies":[{"embeddable":true,"href":"https:\/\/metsovomuseum.gr\/en\/wp-json\/wp\/v2\/comments?post=6772"}],"version-history":[{"count":3,"href":"https:\/\/metsovomuseum.gr\/en\/wp-json\/wp\/v2\/pages\/6772\/revisions"}],"predecessor-version":[{"id":9657,"href":"https:\/\/metsovomuseum.gr\/en\/wp-json\/wp\/v2\/pages\/6772\/revisions\/9657"}],"wp:attachment":[{"href":"https:\/\/metsovomuseum.gr\/en\/wp-json\/wp\/v2\/media?parent=6772"}],"curies":[{"name":"wp","href":"https:\/\/api.w.org\/{rel}","templated":true}]}}